{"id":6,"date":"2018-09-30T11:52:29","date_gmt":"2018-09-30T09:52:29","guid":{"rendered":"http:\/\/localhost\/9.Bib_science\/?page_id=6"},"modified":"2018-09-30T12:45:12","modified_gmt":"2018-09-30T10:45:12","slug":"services","status":"publish","type":"page","link":"https:\/\/biblio.univ-annaba.dz\/sciences\/services\/","title":{"rendered":"Services"},"content":{"rendered":"<p><strong><u>Inscription: <\/u><\/strong><\/p>\n<p>Pour b\u00e9n\u00e9ficier des diff\u00e9rents services dans toutes les biblioth\u00e8ques de d\u00e9partement, il faut d\u2019abord s\u2019inscrire au niveau de la biblioth\u00e8que centrale.<\/p>\n<p>Dossier \u00e0 fournir\u00a0:<\/p>\n<p>-Une enveloppe avec adresse personnelle.<\/p>\n<p>-D\u2019un certificat d\u2019inscription + 2 photos.<\/p>\n<p><strong><u>Pr\u00eat et consultation\u00a0: <\/u><\/strong><\/p>\n<p>Le pr\u00eat externe des livres est r\u00e9serv\u00e9 aux lecteurs inscrits dans les diff\u00e9rentes biblioth\u00e8ques des d\u00e9partements de la facult\u00e9.<\/p>\n<p>Le nombre de documents \u00e0 emprunter et la dur\u00e9e de pr\u00eat varient selon votre cat\u00e9gorie de lecteur\u00a0:<\/p>\n<ul>\n<li>L\u2019\u00e9tudiant en post graduation peut emprunter 2 ouvrages pour une p\u00e9riode de 7 \u00e0 15 jours.<\/li>\n<li>L\u2019enseignant peut emprunter 2 ouvrages pour une p\u00e9riode de 15 jours \u00e0 un mois.<\/li>\n<\/ul>\n<p>Le pr\u00eat des documents est personnel et engage la seule responsabilit\u00e9 de l\u2019emprunteur.<\/p>\n<p>La consultation sur place consiste \u00e0 \u00a0consulter sur place le document et le restituer en fin d\u2019utilisation. Elle est permise \u00e0 toute la communaut\u00e9 universitaire ainsi que le public ext\u00e9rieur.<\/p>\n<p><strong><u>Acc\u00e8s au Catalogue et aux bases SNDL\u00a0: <\/u><\/strong><\/p>\n<p>Chaque biblioth\u00e8que de d\u00e9partement dispose d\u2019un poste qui vous permet\u00a0:<\/p>\n<ul>\n<li>L\u2019acc\u00e8s au catalogue qui regroupe toute la documentation imprim\u00e9e r\u00e9partie dans les diff\u00e9rentes biblioth\u00e8ques de facult\u00e9.<\/li>\n<li>L\u2019acc\u00e8s aux bases SNDL. Nous tenons \u00e0 vous informer que l\u2019acc\u00e8s \u00e0 ces bases est soumis auparavant \u00e0 une demande d\u2019acc\u00e8s pour b\u00e9n\u00e9ficier d\u2019un login et un mot de passe. Pour obtenir ce login il faut se rapprocher du service information et orientation de la biblioth\u00e8que centrale.<\/li>\n<\/ul>\n<p><strong><u>Quitus\u00a0: \u00a0<\/u><\/strong><\/p>\n<p>Le quitus est un document qui atteste que vous \u00eates en r\u00e8gle avec\u00a0votre biblioth\u00e8que et que vous avez rendus tous les documents emprunt\u00e9s. Ce quitus vous permet\u00a0:<\/p>\n<ul>\n<li>la r\u00e9inscription pour l\u2019ann\u00e9e suivante.<\/li>\n<li>Le retrait de votre attestation de succ\u00e8s.<\/li>\n<li>Le transfert vers un autre \u00e9tablissement universitaire<\/li>\n<\/ul>\n<p>Pour obtenir un quitus, il faut se rapprocher de votre biblioth\u00e8que de d\u00e9partement.<\/p>\n<div class=\"pvc_clear\"><\/div>\n<p id=\"pvc_stats_6\" class=\"pvc_stats all  \" data-element-id=\"6\" style=\"\"><i class=\"pvc-stats-icon medium\" aria-hidden=\"true\"><svg aria-hidden=\"true\" focusable=\"false\" data-prefix=\"far\" data-icon=\"chart-bar\" role=\"img\" xmlns=\"http:\/\/www.w3.org\/2000\/svg\" viewBox=\"0 0 512 512\" class=\"svg-inline--fa fa-chart-bar fa-w-16 fa-2x\"><path fill=\"currentColor\" d=\"M396.8 352h22.4c6.4 0 12.8-6.4 12.8-12.8V108.8c0-6.4-6.4-12.8-12.8-12.8h-22.4c-6.4 0-12.8 6.4-12.8 12.8v230.4c0 6.4 6.4 12.8 12.8 12.8zm-192 0h22.4c6.4 0 12.8-6.4 12.8-12.8V140.8c0-6.4-6.4-12.8-12.8-12.8h-22.4c-6.4 0-12.8 6.4-12.8 12.8v198.4c0 6.4 6.4 12.8 12.8 12.8zm96 0h22.4c6.4 0 12.8-6.4 12.8-12.8V204.8c0-6.4-6.4-12.8-12.8-12.8h-22.4c-6.4 0-12.8 6.4-12.8 12.8v134.4c0 6.4 6.4 12.8 12.8 12.8zM496 400H48V80c0-8.84-7.16-16-16-16H16C7.16 64 0 71.16 0 80v336c0 17.67 14.33 32 32 32h464c8.84 0 16-7.16 16-16v-16c0-8.84-7.16-16-16-16zm-387.2-48h22.4c6.4 0 12.8-6.4 12.8-12.8v-70.4c0-6.4-6.4-12.8-12.8-12.8h-22.4c-6.4 0-12.8 6.4-12.8 12.8v70.4c0 6.4 6.4 12.8 12.8 12.8z\" class=\"\"><\/path><\/svg><\/i> <img loading=\"lazy\" decoding=\"async\" width=\"16\" height=\"16\" alt=\"Loading\" src=\"https:\/\/biblio.univ-annaba.dz\/sciences\/wp-content\/plugins\/page-views-count\/ajax-loader-2x.gif\" border=0 \/><\/p>\n<div class=\"pvc_clear\"><\/div>\n","protected":false},"excerpt":{"rendered":"<p>Inscription: Pour<\/p>\n<div class=\"pvc_clear\"><\/div>\n<p id=\"pvc_stats_6\" class=\"pvc_stats all  \" data-element-id=\"6\" style=\"\"><i class=\"pvc-stats-icon medium\" aria-hidden=\"true\"><svg aria-hidden=\"true\" focusable=\"false\" data-prefix=\"far\" data-icon=\"chart-bar\" role=\"img\" xmlns=\"http:\/\/www.w3.org\/2000\/svg\" viewBox=\"0 0 512 512\" class=\"svg-inline--fa fa-chart-bar fa-w-16 fa-2x\"><path fill=\"currentColor\" d=\"M396.8 352h22.4c6.4 0 12.8-6.4 12.8-12.8V108.8c0-6.4-6.4-12.8-12.8-12.8h-22.4c-6.4 0-12.8 6.4-12.8 12.8v230.4c0 6.4 6.4 12.8 12.8 12.8zm-192 0h22.4c6.4 0 12.8-6.4 12.8-12.8V140.8c0-6.4-6.4-12.8-12.8-12.8h-22.4c-6.4 0-12.8 6.4-12.8 12.8v198.4c0 6.4 6.4 12.8 12.8 12.8zm96 0h22.4c6.4 0 12.8-6.4 12.8-12.8V204.8c0-6.4-6.4-12.8-12.8-12.8h-22.4c-6.4 0-12.8 6.4-12.8 12.8v134.4c0 6.4 6.4 12.8 12.8 12.8zM496 400H48V80c0-8.84-7.16-16-16-16H16C7.16 64 0 71.16 0 80v336c0 17.67 14.33 32 32 32h464c8.84 0 16-7.16 16-16v-16c0-8.84-7.16-16-16-16zm-387.2-48h22.4c6.4 0 12.8-6.4 12.8-12.8v-70.4c0-6.4-6.4-12.8-12.8-12.8h-22.4c-6.4 0-12.8 6.4-12.8 12.8v70.4c0 6.4 6.4 12.8 12.8 12.8z\" class=\"\"><\/path><\/svg><\/i> <img loading=\"lazy\" decoding=\"async\" width=\"16\" height=\"16\" alt=\"Loading\" src=\"https:\/\/biblio.univ-annaba.dz\/sciences\/wp-content\/plugins\/page-views-count\/ajax-loader-2x.gif\" border=0 \/><\/p>\n<div class=\"pvc_clear\"><\/div>\n","protected":false},"author":1,"featured_media":0,"parent":0,"menu_order":0,"comment_status":"closed","ping_status":"closed","template":"","meta":{"footnotes":""},"class_list":["post-6","page","type-page","status-publish","hentry"],"a3_pvc":{"activated":true,"total_views":606,"today_views":0},"_links":{"self":[{"href":"https:\/\/biblio.univ-annaba.dz\/sciences\/wp-json\/wp\/v2\/pages\/6","targetHints":{"allow":["GET"]}}],"collection":[{"href":"https:\/\/biblio.univ-annaba.dz\/sciences\/wp-json\/wp\/v2\/pages"}],"about":[{"href":"https:\/\/biblio.univ-annaba.dz\/sciences\/wp-json\/wp\/v2\/types\/page"}],"author":[{"embeddable":true,"href":"https:\/\/biblio.univ-annaba.dz\/sciences\/wp-json\/wp\/v2\/users\/1"}],"replies":[{"embeddable":true,"href":"https:\/\/biblio.univ-annaba.dz\/sciences\/wp-json\/wp\/v2\/comments?post=6"}],"version-history":[{"count":3,"href":"https:\/\/biblio.univ-annaba.dz\/sciences\/wp-json\/wp\/v2\/pages\/6\/revisions"}],"predecessor-version":[{"id":21,"href":"https:\/\/biblio.univ-annaba.dz\/sciences\/wp-json\/wp\/v2\/pages\/6\/revisions\/21"}],"wp:attachment":[{"href":"https:\/\/biblio.univ-annaba.dz\/sciences\/wp-json\/wp\/v2\/media?parent=6"}],"curies":[{"name":"wp","href":"https:\/\/api.w.org\/{rel}","templated":true}]}}