{"id":221,"date":"2023-10-23T14:06:31","date_gmt":"2023-10-23T12:06:31","guid":{"rendered":"http:\/\/biblio.univ-annaba.dz\/sciences\/?page_id=221"},"modified":"2025-02-03T13:39:11","modified_gmt":"2025-02-03T12:39:11","slug":"presentation","status":"publish","type":"page","link":"https:\/\/biblio.univ-annaba.dz\/sciences\/presentation\/","title":{"rendered":"Pr\u00e9sentation"},"content":{"rendered":"<p><strong><u>Pr\u00e9sentation\u00a0et Mission: <\/u><\/strong><\/p>\n<p>La biblioth\u00e8que de la facult\u00e9 des sciences est compos\u00e9e de 06 biblioth\u00e8ques de d\u00e9partements :<\/p>\n<ul>\n<li>Biblioth\u00e8que du d\u00e9partement de Biologie<\/li>\n<li>Biblioth\u00e8que du d\u00e9partement de Biochimie<\/li>\n<li>Biblioth\u00e8que du d\u00e9partement de Chimie<\/li>\n<li>Biblioth\u00e8que du d\u00e9partement de Math\u00e9matiques<\/li>\n<li>Biblioth\u00e8que du d\u00e9partement de Physique<\/li>\n<li>Biblioth\u00e8que du d\u00e9partement des Sciences de la Mer<\/li>\n<\/ul>\n<p>La mission majeure de la biblioth\u00e8que de la facult\u00e9 des sciences est de mettre \u00e0 la disposition de ses utilisateurs (Enseignants et Etudiants) \u00e0 travers ses biblioth\u00e8ques de d\u00e9partements une documentation riche et vari\u00e9e qui couvre \u00a0leurs besoins dans les diff\u00e9rentes sp\u00e9cialit\u00e9s enseign\u00e9es.<\/p>\n<p><strong><u>Acc\u00e8s\u00a0: <\/u><\/strong><\/p>\n<p>La biblioth\u00e8que est ouverte \u00e0 tous les \u00e9tudiants et enseignants de la Facult\u00e9 en priorit\u00e9, et \u00e0 toute la communaut\u00e9 de l\u2019Universit\u00e9.<\/p>\n<p>Elle peut accueillir un public ext\u00e9rieur (Etudiants\/Enseignants\/Chercheurs) des autres \u00e9tablissements universitaires.<\/p>\n<p>L\u2019acc\u00e8s aux diff\u00e9rentes biblioth\u00e8ques de d\u00e9partements est soumis\u00a0:<\/p>\n<ul>\n<li>A la pr\u00e9sentation de la carte de lecteur pour les utilisateurs appartenant \u00e0 la facult\u00e9\/universit\u00e9.<\/li>\n<li>A la pr\u00e9sentation d\u2019une autorisation d\u2019acc\u00e8s pour le public ext\u00e9rieur d\u00e9livr\u00e9e par le chef du d\u00e9partement .<\/li>\n<\/ul>\n<p><strong>R\u00e8glement\u00a0:<\/strong><\/p>\n<p>Ce r\u00e8glement est applicable dans les 09 biblioth\u00e8ques de d\u00e9partements de la facult\u00e9. Le personnel ainsi que les utilisateurs sont appel\u00e9s \u00e0 le respecter\u00a0:<\/p>\n<p>&nbsp;<\/p>\n<ul>\n<li>Les biblioth\u00e8ques de d\u00e9partements sont ouvertes de dimanche \u00e0 jeudi de 08h.30 \u00e0 16h.<\/li>\n<li>La pr\u00e9sentation de la carte de lecteur est obligatoire pour acc\u00e9der \u00e0 la documentation.<\/li>\n<li>Le nombre de documents \u00e0 emprunter et la dur\u00e9e de pr\u00eat varient selon votre cat\u00e9gorie de lecteur.<\/li>\n<li>Le public ext\u00e9rieur peut consulter les ouvrages sur place uniquement.<\/li>\n<li>Sont exclus du pr\u00eat les ouvrages existants en 01 exemplaire et les dictionnaires, encyclop\u00e9dies, guides, p\u00e9riodiques\u2026etc.<\/li>\n<li>Il recommand\u00e9 aux lecteurs de rendre les ouvrages dans les d\u00e9lais fix\u00e9s par le r\u00e8glement.<\/li>\n<li>Les ouvrages doivent \u00eatre rendus en bon \u00e9tat. En cas de d\u00e9t\u00e9rioration ou perte l\u2019utilisateur est contraint de rembourser trois fois sa valeur.<\/li>\n<li>Les biblioth\u00e8ques de d\u00e9partements sont des lieux de travail et de recherche, le silence y est de rigueur.<\/li>\n<li>Il est interdit de fumer ou manger dans les biblioth\u00e8ques de d\u00e9partements.<\/li>\n<li>Il faut respecter la propret\u00e9 des lieux.<\/li>\n<li>Le personnel en place a pour mission de vous aider dans vos recherches, son respect est obligatoire.<\/li>\n<li>Maintenir les t\u00e9l\u00e9phones portables \u00e9teints ou en position muet pour ne pas d\u00e9ranger les autres lecteurs.<\/li>\n<\/ul>\n<div class=\"pvc_clear\"><\/div>\n<p id=\"pvc_stats_221\" class=\"pvc_stats all  \" data-element-id=\"221\" style=\"\"><i class=\"pvc-stats-icon medium\" aria-hidden=\"true\"><svg aria-hidden=\"true\" focusable=\"false\" data-prefix=\"far\" data-icon=\"chart-bar\" role=\"img\" xmlns=\"http:\/\/www.w3.org\/2000\/svg\" viewBox=\"0 0 512 512\" class=\"svg-inline--fa fa-chart-bar fa-w-16 fa-2x\"><path fill=\"currentColor\" d=\"M396.8 352h22.4c6.4 0 12.8-6.4 12.8-12.8V108.8c0-6.4-6.4-12.8-12.8-12.8h-22.4c-6.4 0-12.8 6.4-12.8 12.8v230.4c0 6.4 6.4 12.8 12.8 12.8zm-192 0h22.4c6.4 0 12.8-6.4 12.8-12.8V140.8c0-6.4-6.4-12.8-12.8-12.8h-22.4c-6.4 0-12.8 6.4-12.8 12.8v198.4c0 6.4 6.4 12.8 12.8 12.8zm96 0h22.4c6.4 0 12.8-6.4 12.8-12.8V204.8c0-6.4-6.4-12.8-12.8-12.8h-22.4c-6.4 0-12.8 6.4-12.8 12.8v134.4c0 6.4 6.4 12.8 12.8 12.8zM496 400H48V80c0-8.84-7.16-16-16-16H16C7.16 64 0 71.16 0 80v336c0 17.67 14.33 32 32 32h464c8.84 0 16-7.16 16-16v-16c0-8.84-7.16-16-16-16zm-387.2-48h22.4c6.4 0 12.8-6.4 12.8-12.8v-70.4c0-6.4-6.4-12.8-12.8-12.8h-22.4c-6.4 0-12.8 6.4-12.8 12.8v70.4c0 6.4 6.4 12.8 12.8 12.8z\" class=\"\"><\/path><\/svg><\/i> <img loading=\"lazy\" decoding=\"async\" width=\"16\" height=\"16\" alt=\"Loading\" src=\"https:\/\/biblio.univ-annaba.dz\/sciences\/wp-content\/plugins\/page-views-count\/ajax-loader-2x.gif\" border=0 \/><\/p>\n<div class=\"pvc_clear\"><\/div>\n","protected":false},"excerpt":{"rendered":"<p>Pr\u00e9sentation\u00a0et Mission:<\/p>\n<div class=\"pvc_clear\"><\/div>\n<p id=\"pvc_stats_221\" class=\"pvc_stats all  \" data-element-id=\"221\" style=\"\"><i class=\"pvc-stats-icon medium\" aria-hidden=\"true\"><svg aria-hidden=\"true\" focusable=\"false\" data-prefix=\"far\" data-icon=\"chart-bar\" role=\"img\" xmlns=\"http:\/\/www.w3.org\/2000\/svg\" viewBox=\"0 0 512 512\" class=\"svg-inline--fa fa-chart-bar fa-w-16 fa-2x\"><path fill=\"currentColor\" d=\"M396.8 352h22.4c6.4 0 12.8-6.4 12.8-12.8V108.8c0-6.4-6.4-12.8-12.8-12.8h-22.4c-6.4 0-12.8 6.4-12.8 12.8v230.4c0 6.4 6.4 12.8 12.8 12.8zm-192 0h22.4c6.4 0 12.8-6.4 12.8-12.8V140.8c0-6.4-6.4-12.8-12.8-12.8h-22.4c-6.4 0-12.8 6.4-12.8 12.8v198.4c0 6.4 6.4 12.8 12.8 12.8zm96 0h22.4c6.4 0 12.8-6.4 12.8-12.8V204.8c0-6.4-6.4-12.8-12.8-12.8h-22.4c-6.4 0-12.8 6.4-12.8 12.8v134.4c0 6.4 6.4 12.8 12.8 12.8zM496 400H48V80c0-8.84-7.16-16-16-16H16C7.16 64 0 71.16 0 80v336c0 17.67 14.33 32 32 32h464c8.84 0 16-7.16 16-16v-16c0-8.84-7.16-16-16-16zm-387.2-48h22.4c6.4 0 12.8-6.4 12.8-12.8v-70.4c0-6.4-6.4-12.8-12.8-12.8h-22.4c-6.4 0-12.8 6.4-12.8 12.8v70.4c0 6.4 6.4 12.8 12.8 12.8z\" class=\"\"><\/path><\/svg><\/i> <img loading=\"lazy\" decoding=\"async\" width=\"16\" height=\"16\" alt=\"Loading\" src=\"https:\/\/biblio.univ-annaba.dz\/sciences\/wp-content\/plugins\/page-views-count\/ajax-loader-2x.gif\" border=0 \/><\/p>\n<div class=\"pvc_clear\"><\/div>\n","protected":false},"author":3,"featured_media":0,"parent":0,"menu_order":0,"comment_status":"closed","ping_status":"closed","template":"","meta":{"footnotes":""},"class_list":["post-221","page","type-page","status-publish","hentry"],"a3_pvc":{"activated":true,"total_views":204,"today_views":0},"_links":{"self":[{"href":"https:\/\/biblio.univ-annaba.dz\/sciences\/wp-json\/wp\/v2\/pages\/221","targetHints":{"allow":["GET"]}}],"collection":[{"href":"https:\/\/biblio.univ-annaba.dz\/sciences\/wp-json\/wp\/v2\/pages"}],"about":[{"href":"https:\/\/biblio.univ-annaba.dz\/sciences\/wp-json\/wp\/v2\/types\/page"}],"author":[{"embeddable":true,"href":"https:\/\/biblio.univ-annaba.dz\/sciences\/wp-json\/wp\/v2\/users\/3"}],"replies":[{"embeddable":true,"href":"https:\/\/biblio.univ-annaba.dz\/sciences\/wp-json\/wp\/v2\/comments?post=221"}],"version-history":[{"count":3,"href":"https:\/\/biblio.univ-annaba.dz\/sciences\/wp-json\/wp\/v2\/pages\/221\/revisions"}],"predecessor-version":[{"id":499,"href":"https:\/\/biblio.univ-annaba.dz\/sciences\/wp-json\/wp\/v2\/pages\/221\/revisions\/499"}],"wp:attachment":[{"href":"https:\/\/biblio.univ-annaba.dz\/sciences\/wp-json\/wp\/v2\/media?parent=221"}],"curies":[{"name":"wp","href":"https:\/\/api.w.org\/{rel}","templated":true}]}}