{"id":163,"date":"2023-10-05T14:31:18","date_gmt":"2023-10-05T12:31:18","guid":{"rendered":"http:\/\/biblio.univ-annaba.dz\/sciences\/?page_id=163"},"modified":"2023-10-05T14:37:10","modified_gmt":"2023-10-05T12:37:10","slug":"departement-de-sciences-de-la-mer","status":"publish","type":"page","link":"https:\/\/biblio.univ-annaba.dz\/sciences\/departement-de-sciences-de-la-mer\/","title":{"rendered":"D\u00e9partement de Sciences de la Mer"},"content":{"rendered":"\n<table id=\"tablepress-6\" class=\"tablepress tablepress-id-6\">\n<thead>\n<tr class=\"row-1\">\n\t<th class=\"column-1\">M\u00e9moire<\/th><th class=\"column-2\">Auteur<\/th><th class=\"column-3\">Grade<\/th><th class=\"column-4\">Sp\u00e9cialit\u00e9<\/th><th class=\"column-5\">Ann\u00e9e de soutenance<\/th><th class=\"column-6\">Encadreur <\/th>\n<\/tr>\n<\/thead>\n<tbody class=\"row-striping row-hover\">\n<tr class=\"row-2\">\n\t<td class=\"column-1\"><a href=\"http:\/\/biblio.univ-annaba.dz\/sciences\/wp-content\/uploads\/2023\/11\/Loutri-Rym-et-Romani-Hadda.pdf\" rel=\"noopener\" target=\"_blank\">Biodiversit\u00e9 intertidale de la future AMP de l\u2019Edough \u2013 Annaba (Plage Djnen El Bey)<\/a><\/td><td class=\"column-2\">Louetri Rym &amp; Roumani Hadda<\/td><td class=\"column-3\">MasterII<\/td><td class=\"column-4\">Bioressources Marines<\/td><td class=\"column-5\">2022\/2023<\/td><td class=\"column-6\">Belbacha Sa\u00efd<\/td>\n<\/tr>\n<tr class=\"row-3\">\n\t<td class=\"column-1\"><a href=\"http:\/\/biblio.univ-annaba.dz\/sciences\/wp-content\/uploads\/2023\/11\/Loutri-Rym-et-Romani-Hadda.pdf\" rel=\"noopener\" target=\"_blank\">Impacts du r\u00e9chauffement climatique sur les eaux du barrage de Ain Dalia Souk Ahras - Alg\u00e9rie (2016\/2022).<\/a><\/td><td class=\"column-2\">Boulifa Insaf<\/td><td class=\"column-3\">MasterII<\/td><td class=\"column-4\">Environnement Marin et Ecosyst\u00e8me Littoral<\/td><td class=\"column-5\">2022\/2023<\/td><td class=\"column-6\"> Djebar Abdallah Borhane<\/td>\n<\/tr>\n<tr class=\"row-4\">\n\t<td class=\"column-1\"><a href=\"https:\/\/biblio.univ-annaba.dz\/sciences\/wp-admin\/upload.php?item=391#:~:text=http%3A\/\/biblio.univ%2Dannaba.dz\/sciences\/wp%2Dcontent\/uploads\/2023\/11\/Kessab%2DHiba%2DELLAH%2DBouchenaf%2DSara.pdf\" rel=\"noopener\" target=\"_blank\">Etude morphologique  compar\u00e9e du merlu europ\u00e9en merluccuis des cottes algeriennes  <\/a><\/td><td class=\"column-2\">Kessab Hiba Ellah &amp; bouchenaf sara   <\/td><td class=\"column-3\">MasterII<\/td><td class=\"column-4\">Bioressources Marines<\/td><td class=\"column-5\">2022\/2023<\/td><td class=\"column-6\">Bourhail Nadjette<\/td>\n<\/tr>\n<tr class=\"row-5\">\n\t<td class=\"column-1\"><a href=\"http:\/\/biblio.univ-annaba.dz\/sciences\/wp-content\/uploads\/2023\/11\/Bahloul-Amine-Zaki.pdf\" rel=\"noopener\" target=\"_blank\">Diff\u00e9renciation morphologique de l'esp\u00e8ces trachurus des cottes alg\u00e9riennes  <\/a><\/td><td class=\"column-2\">Bahloul Amine Zaki <\/td><td class=\"column-3\">MasterII<\/td><td class=\"column-4\">Bioressources Marines<\/td><td class=\"column-5\">2022\/2023<\/td><td class=\"column-6\">Bourhail Nadjette<\/td>\n<\/tr>\n<tr class=\"row-6\">\n\t<td class=\"column-1\"><a href=\"http:\/\/biblio.univ-annaba.dz\/sciences\/wp-content\/uploads\/2023\/11\/Lokmane-Deraghmia.pdf\" rel=\"noopener\" target=\"_blank\">Evolution de la communaut\u00e9 cyanobact\u00e9rienne du lac Oubeira<\/a><\/td><td class=\"column-2\">Deraghmia Lokmane<\/td><td class=\"column-3\">MasterII<\/td><td class=\"column-4\"> Bioressources Marines<\/td><td class=\"column-5\">2022\/2023<\/td><td class=\"column-6\">Bensouilah Mourad<\/td>\n<\/tr>\n<tr class=\"row-7\">\n\t<td class=\"column-1\"><a href=\"http:\/\/biblio.univ-annaba.dz\/sciences\/wp-content\/uploads\/2023\/11\/Bouffenech-ichrak-Boummaaraf-Chahinez.pdf\" rel=\"noopener\" target=\"_blank\">Profile bionomique de la future AMP de l\u2019edoughe<\/a><\/td><td class=\"column-2\"> Bouffenech Ichrak &amp; Boummaaraf Chahinez<\/td><td class=\"column-3\">MasterII<\/td><td class=\"column-4\">Environnement marine et \u00e9cologie littoral<\/td><td class=\"column-5\">2022\/2023<\/td><td class=\"column-6\"> Belbacha Sa\u00efd <\/td>\n<\/tr>\n<tr class=\"row-8\">\n\t<td class=\"column-1\"><a href=\"http:\/\/biblio.univ-annaba.dz\/sciences\/wp-content\/uploads\/2023\/11\/MEMOIRE-KOUADRIA-VF.pdf\" rel=\"noopener\" target=\"_blank\">Etude de la relation entre les param\u00e8tres environnementaux, le substrat et les \u00e9piphytes benthiques toxiques dans la baie d\u2019Annaba <\/a><\/td><td class=\"column-2\">Kouadria Aya Imene<\/td><td class=\"column-3\">MasterII<\/td><td class=\"column-4\"> Bioressources Marines<\/td><td class=\"column-5\">2022\/2023<\/td><td class=\"column-6\">Frihi Hocine<\/td>\n<\/tr>\n<tr class=\"row-9\">\n\t<td class=\"column-1\"><a href=\"http:\/\/biblio.univ-annaba.dz\/sciences\/wp-content\/uploads\/2023\/11\/Bouchachi-Hassina.pdf\" rel=\"noopener\" target=\"_blank\">Impact du r\u00e9chauffement climatique sur les ppc et bact\u00e9riologiques des eaux des plages de baignade d\u2019Annaba (2021).<\/a><\/td><td class=\"column-2\"> Bouchachi Hassina<\/td><td class=\"column-3\">MasterII<\/td><td class=\"column-4\">Environnement Marin et Ecosyst\u00e8mes Littoral<br \/>\n<\/td><td class=\"column-5\">2022\/2023<\/td><td class=\"column-6\">Abdalla Borhane Djebar <\/td>\n<\/tr>\n<tr class=\"row-10\">\n\t<td class=\"column-1\"><a href=\"http:\/\/biblio.univ-annaba.dz\/sciences\/wp-content\/uploads\/2023\/11\/Merhbaoui-Yahia.pdf\" rel=\"noopener\" target=\"_blank\">Qualit\u00e9 des eaux de la nappe libre c\u00f4ti\u00e8re d\u2019Annaba<\/a><\/td><td class=\"column-2\">Merhbaoui Yahia<\/td><td class=\"column-3\">MasterII<br \/>\n<\/td><td class=\"column-4\">Ecosyst\u00e8mes marins\/Environnement littoral<\/td><td class=\"column-5\">2022\/2023<\/td><td class=\"column-6\">Makhlouf  Ounissi<\/td>\n<\/tr>\n<tr class=\"row-11\">\n\t<td class=\"column-1\"><a href=\"http:\/\/biblio.univ-annaba.dz\/sciences\/wp-content\/uploads\/2023\/11\/Kramia-Rayan.pdf\" rel=\"noopener\" target=\"_blank\">Enqu\u00eate sur les impacts des zones d\u2019extension touristique sur l\u2019AMP de l\u2019EDOUGH<\/a><\/td><td class=\"column-2\"> Kraimia Rayen &amp; Merdaci IMane<\/td><td class=\"column-3\">MasterII<\/td><td class=\"column-4\">Environnement littoral, \u00e9cosyst\u00e8me marins<br \/>\n<\/td><td class=\"column-5\">2022\/2023<\/td><td class=\"column-6\">Belbacha Sa\u00efd <\/td>\n<\/tr>\n<tr class=\"row-12\">\n\t<td class=\"column-1\"><a href=\"http:\/\/biblio.univ-annaba.dz\/sciences\/wp-content\/uploads\/2023\/11\/hachemi-rachedi-ibtisem.pdf\" rel=\"noopener\" target=\"_blank\">Impacts de la pand\u00e9mie Covid-19 (2019- 2022) sur la p\u00eacherie dans le port d\u2019Annaba <\/a><\/td><td class=\"column-2\">Hachemi Rachedi Ibtissem <\/td><td class=\"column-3\">MasterII<\/td><td class=\"column-4\"> Bioressources Marines<\/td><td class=\"column-5\">2022\/2023<\/td><td class=\"column-6\">Djebar Abdallah Borhane<\/td>\n<\/tr>\n<\/tbody>\n<\/table>\n<!-- #tablepress-6 from cache -->\n<div class=\"pvc_clear\"><\/div>\n<p id=\"pvc_stats_163\" class=\"pvc_stats all  \" data-element-id=\"163\" style=\"\"><i class=\"pvc-stats-icon medium\" aria-hidden=\"true\"><svg aria-hidden=\"true\" focusable=\"false\" data-prefix=\"far\" data-icon=\"chart-bar\" role=\"img\" xmlns=\"http:\/\/www.w3.org\/2000\/svg\" viewBox=\"0 0 512 512\" class=\"svg-inline--fa fa-chart-bar fa-w-16 fa-2x\"><path fill=\"currentColor\" d=\"M396.8 352h22.4c6.4 0 12.8-6.4 12.8-12.8V108.8c0-6.4-6.4-12.8-12.8-12.8h-22.4c-6.4 0-12.8 6.4-12.8 12.8v230.4c0 6.4 6.4 12.8 12.8 12.8zm-192 0h22.4c6.4 0 12.8-6.4 12.8-12.8V140.8c0-6.4-6.4-12.8-12.8-12.8h-22.4c-6.4 0-12.8 6.4-12.8 12.8v198.4c0 6.4 6.4 12.8 12.8 12.8zm96 0h22.4c6.4 0 12.8-6.4 12.8-12.8V204.8c0-6.4-6.4-12.8-12.8-12.8h-22.4c-6.4 0-12.8 6.4-12.8 12.8v134.4c0 6.4 6.4 12.8 12.8 12.8zM496 400H48V80c0-8.84-7.16-16-16-16H16C7.16 64 0 71.16 0 80v336c0 17.67 14.33 32 32 32h464c8.84 0 16-7.16 16-16v-16c0-8.84-7.16-16-16-16zm-387.2-48h22.4c6.4 0 12.8-6.4 12.8-12.8v-70.4c0-6.4-6.4-12.8-12.8-12.8h-22.4c-6.4 0-12.8 6.4-12.8 12.8v70.4c0 6.4 6.4 12.8 12.8 12.8z\" class=\"\"><\/path><\/svg><\/i> <img loading=\"lazy\" decoding=\"async\" width=\"16\" height=\"16\" alt=\"Loading\" src=\"https:\/\/biblio.univ-annaba.dz\/sciences\/wp-content\/plugins\/page-views-count\/ajax-loader-2x.gif\" border=0 \/><\/p>\n<div class=\"pvc_clear\"><\/div>\n","protected":false},"excerpt":{"rendered":"<div class=\"pvc_clear\"><\/div>\n<p id=\"pvc_stats_163\" class=\"pvc_stats all  \" data-element-id=\"163\" style=\"\"><i class=\"pvc-stats-icon medium\" aria-hidden=\"true\"><svg aria-hidden=\"true\" focusable=\"false\" data-prefix=\"far\" data-icon=\"chart-bar\" role=\"img\" xmlns=\"http:\/\/www.w3.org\/2000\/svg\" viewBox=\"0 0 512 512\" class=\"svg-inline--fa fa-chart-bar fa-w-16 fa-2x\"><path fill=\"currentColor\" d=\"M396.8 352h22.4c6.4 0 12.8-6.4 12.8-12.8V108.8c0-6.4-6.4-12.8-12.8-12.8h-22.4c-6.4 0-12.8 6.4-12.8 12.8v230.4c0 6.4 6.4 12.8 12.8 12.8zm-192 0h22.4c6.4 0 12.8-6.4 12.8-12.8V140.8c0-6.4-6.4-12.8-12.8-12.8h-22.4c-6.4 0-12.8 6.4-12.8 12.8v198.4c0 6.4 6.4 12.8 12.8 12.8zm96 0h22.4c6.4 0 12.8-6.4 12.8-12.8V204.8c0-6.4-6.4-12.8-12.8-12.8h-22.4c-6.4 0-12.8 6.4-12.8 12.8v134.4c0 6.4 6.4 12.8 12.8 12.8zM496 400H48V80c0-8.84-7.16-16-16-16H16C7.16 64 0 71.16 0 80v336c0 17.67 14.33 32 32 32h464c8.84 0 16-7.16 16-16v-16c0-8.84-7.16-16-16-16zm-387.2-48h22.4c6.4 0 12.8-6.4 12.8-12.8v-70.4c0-6.4-6.4-12.8-12.8-12.8h-22.4c-6.4 0-12.8 6.4-12.8 12.8v70.4c0 6.4 6.4 12.8 12.8 12.8z\" class=\"\"><\/path><\/svg><\/i> <img loading=\"lazy\" decoding=\"async\" width=\"16\" height=\"16\" alt=\"Loading\" src=\"https:\/\/biblio.univ-annaba.dz\/sciences\/wp-content\/plugins\/page-views-count\/ajax-loader-2x.gif\" border=0 \/><\/p>\n<div class=\"pvc_clear\"><\/div>\n","protected":false},"author":3,"featured_media":0,"parent":0,"menu_order":0,"comment_status":"closed","ping_status":"closed","template":"","meta":{"footnotes":""},"class_list":["post-163","page","type-page","status-publish","hentry"],"a3_pvc":{"activated":true,"total_views":220,"today_views":0},"_links":{"self":[{"href":"https:\/\/biblio.univ-annaba.dz\/sciences\/wp-json\/wp\/v2\/pages\/163","targetHints":{"allow":["GET"]}}],"collection":[{"href":"https:\/\/biblio.univ-annaba.dz\/sciences\/wp-json\/wp\/v2\/pages"}],"about":[{"href":"https:\/\/biblio.univ-annaba.dz\/sciences\/wp-json\/wp\/v2\/types\/page"}],"author":[{"embeddable":true,"href":"https:\/\/biblio.univ-annaba.dz\/sciences\/wp-json\/wp\/v2\/users\/3"}],"replies":[{"embeddable":true,"href":"https:\/\/biblio.univ-annaba.dz\/sciences\/wp-json\/wp\/v2\/comments?post=163"}],"version-history":[{"count":2,"href":"https:\/\/biblio.univ-annaba.dz\/sciences\/wp-json\/wp\/v2\/pages\/163\/revisions"}],"predecessor-version":[{"id":166,"href":"https:\/\/biblio.univ-annaba.dz\/sciences\/wp-json\/wp\/v2\/pages\/163\/revisions\/166"}],"wp:attachment":[{"href":"https:\/\/biblio.univ-annaba.dz\/sciences\/wp-json\/wp\/v2\/media?parent=163"}],"curies":[{"name":"wp","href":"https:\/\/api.w.org\/{rel}","templated":true}]}}