{"id":159,"date":"2023-10-05T14:29:52","date_gmt":"2023-10-05T12:29:52","guid":{"rendered":"http:\/\/biblio.univ-annaba.dz\/sciences\/?page_id=159"},"modified":"2023-10-05T14:38:40","modified_gmt":"2023-10-05T12:38:40","slug":"departement-de-mthematiques","status":"publish","type":"page","link":"https:\/\/biblio.univ-annaba.dz\/sciences\/departement-de-mthematiques\/","title":{"rendered":"D\u00e9partement de Mth\u00e9matiques"},"content":{"rendered":"\n<table id=\"tablepress-4\" class=\"tablepress tablepress-id-4\">\n<thead>\n<tr class=\"row-1\">\n\t<th class=\"column-1\">M\u00e9moire<\/th><th class=\"column-2\">Auteur<\/th><th class=\"column-3\">Grade<\/th><th class=\"column-4\">Sp\u00e9cialit\u00e9<\/th><th class=\"column-5\">Ann\u00e9e de soutenance<\/th><th class=\"column-6\">Encadreur <\/th>\n<\/tr>\n<\/thead>\n<tbody class=\"row-striping row-hover\">\n<tr class=\"row-2\">\n\t<td class=\"column-1\"><a href=\"http:\/\/biblio.univ-annaba.dz\/sciences\/wp-content\/uploads\/2023\/11\/Fenizri-Nacira.pdf\" rel=\"noopener\" target=\"_blank\">La distribution Lomax Exponentielle : propri\u00e9t\u00e9s et applications <\/a><\/td><td class=\"column-2\"> Fenizri Nacira<br \/>\n<\/td><td class=\"column-3\">MasterII<\/td><td class=\"column-4\">Probabilit\u00e9s et Statistique <\/td><td class=\"column-5\">2022\/2023<\/td><td class=\"column-6\">Treidi Wafa <\/td>\n<\/tr>\n<tr class=\"row-3\">\n\t<td class=\"column-1\"><a href=\"http:\/\/biblio.univ-annaba.dz\/sciences\/wp-content\/uploads\/2023\/11\/Chaiben-Nehla.pdf\" rel=\"noopener\" target=\"_blank\">Estimation dans un mod\u00e8le Lomax inverse tronqu\u00e9 en pr\u00e9sence de censure \u00e0 droite<\/a><\/td><td class=\"column-2\">Chaiben Nehla<\/td><td class=\"column-3\">MasterII<\/td><td class=\"column-4\">Probabilit\u00e9s et Statistique.<br \/>\n<\/td><td class=\"column-5\">2022\/2023<\/td><td class=\"column-6\">Aidi Khaoula <\/td>\n<\/tr>\n<tr class=\"row-4\">\n\t<td class=\"column-1\"><a href=\"http:\/\/biblio.univ-annaba.dz\/sciences\/wp-content\/uploads\/2023\/11\/Krim-Amina.pdf\" rel=\"noopener\" target=\"_blank\">Impl\u00e9mentation de l\u2019algorithme Fuzzy C-Means sur des ensembles de donn\u00e9es r\u00e9elles<\/a><\/td><td class=\"column-2\">Krim Amina<\/td><td class=\"column-3\">MasterII<\/td><td class=\"column-4\">Probabilit\u00e9s-Statistiques<\/td><td class=\"column-5\">2022\/2023<\/td><td class=\"column-6\"> O. Amira<\/td>\n<\/tr>\n<tr class=\"row-5\">\n\t<td class=\"column-1\"><a href=\"http:\/\/biblio.univ-annaba.dz\/sciences\/wp-content\/uploads\/2023\/11\/Guedaibia-Hadjira.pdf\" rel=\"noopener\" target=\"_blank\">Comportment asymptotique en norme L\u221e pour une approximation par la m\u00e9thode des \u00e9l\u00e9ments finis d\u2019une classe d\u2019in\u00e9quation quasi-variationnelles parabolique.<\/a><\/td><td class=\"column-2\">Geudaibia Hadjira<\/td><td class=\"column-3\">MasterII<\/td><td class=\"column-4\">Contr\u00f4le optimal th\u00e9orie et approximation<\/td><td class=\"column-5\">2022\/2023<\/td><td class=\"column-6\">Harbi Abida<\/td>\n<\/tr>\n<tr class=\"row-6\">\n\t<td class=\"column-1\"><a href=\"http:\/\/biblio.univ-annaba.dz\/sciences\/wp-content\/uploads\/2023\/11\/Mosbah-Randa.pdf\" rel=\"noopener\" target=\"_blank\">Sur l\u2019\u00e9quation de Riccati<\/a><\/td><td class=\"column-2\">Mosbah Randa<\/td><td class=\"column-3\">MasterII<\/td><td class=\"column-4\">Syst\u00e8mes Dynamiques<\/td><td class=\"column-5\">2022\/2023<\/td><td class=\"column-6\">Ghanem Radouen <\/td>\n<\/tr>\n<tr class=\"row-7\">\n\t<td class=\"column-1\"><a href=\"http:\/\/biblio.univ-annaba.dz\/sciences\/wp-content\/uploads\/2023\/11\/Kermiche-Khadidja.pdf\" rel=\"noopener\" target=\"_blank\">M\u00e9thode g\u00e9n\u00e9ralis\u00e9e de Kudryashov appliqu\u00e9e aux \u00e9quations diff\u00e9rentielles fractionnaires : Equation de Burgers et Syst\u00e8me de Wu-Zhang<\/a><\/td><td class=\"column-2\"> Khadidja KERMICHE<\/td><td class=\"column-3\">MasterII<\/td><td class=\"column-4\">Syst\u00e8mes Dynamiques<\/td><td class=\"column-5\">2022\/2023<\/td><td class=\"column-6\">Laouar Abdelhamid <\/td>\n<\/tr>\n<tr class=\"row-8\">\n\t<td class=\"column-1\"><a href=\"http:\/\/biblio.univ-annaba.dz\/sciences\/wp-content\/uploads\/2023\/11\/Nasri-Wafa.pdf\" rel=\"noopener\" target=\"_blank\">Analytical soliton-solution of nonlinear Schr\u00f6dinger equation<\/a><\/td><td class=\"column-2\">Nasri Wafa<\/td><td class=\"column-3\">MasterII<\/td><td class=\"column-4\"> Contr\u00f4le Optimale,Th\u00e9orie et Approximation (COTA)<\/td><td class=\"column-5\">2022\/2023<\/td><td class=\"column-6\">Boussaha Aicha<\/td>\n<\/tr>\n<tr class=\"row-9\">\n\t<td class=\"column-1\"><a href=\"http:\/\/biblio.univ-annaba.dz\/sciences\/wp-content\/uploads\/2023\/11\/Mokrane-Aya.pdf\" rel=\"noopener\" target=\"_blank\"> Comportement asymptotique en norme lpour une approximation par la m\u00e9thode des \u00e9l\u00e9ments finis d'une \u00e9quation quasi-lin\u00e9aire parabolique   <\/a><\/td><td class=\"column-2\">Mokrane Aya<\/td><td class=\"column-3\">MasterII<\/td><td class=\"column-4\">Contr\u00f4le optimale <\/td><td class=\"column-5\">2022\/2023<\/td><td class=\"column-6\">Harbi Abida<\/td>\n<\/tr>\n<tr class=\"row-10\">\n\t<td class=\"column-1\"><a href=\"http:\/\/biblio.univ-annaba.dz\/sciences\/wp-content\/uploads\/2023\/11\/Belagoun-Nesrin-Eulmi-Aya.pdf\" rel=\"noopener\" target=\"_blank\">M\u00e9lange des m\u00e9thodes des tarification \u00e0 partir de la distribution \u00e0 priori bivari\u00e9e<\/a><\/td><td class=\"column-2\">Belagoun Nesrin &amp; Eulmi Aya<\/td><td class=\"column-3\">MasterII<\/td><td class=\"column-4\">Actuariat<\/td><td class=\"column-5\">2022\/2023<\/td><td class=\"column-6\">Saadoun Ahmed<\/td>\n<\/tr>\n<tr class=\"row-11\">\n\t<td class=\"column-1\"><a href=\"http:\/\/biblio.univ-annaba.dz\/sciences\/wp-content\/uploads\/2023\/11\/bourahla-rayene.pdf\" rel=\"noopener\" target=\"_blank\">Les fonctions de pertes et leurs applications en fiabilit\u00e9<\/a><\/td><td class=\"column-2\">bourahla rayene.<\/td><td class=\"column-3\">MasterII<\/td><td class=\"column-4\"> Probabilit\u00e9s Statistiques<\/td><td class=\"column-5\">2022\/2023<\/td><td class=\"column-6\"> Talhi Hamida<\/td>\n<\/tr>\n<tr class=\"row-12\">\n\t<td class=\"column-1\"><a href=\"http:\/\/biblio.univ-annaba.dz\/sciences\/wp-content\/uploads\/2023\/11\/Khader-Mostapha-Oualid.pdf\" rel=\"noopener\" target=\"_blank\">Th\u00e9orie de la cr\u00e9dibilit\u00e9 impr\u00e9cise<\/a><\/td><td class=\"column-2\">Khader Mostapha Oualid.<\/td><td class=\"column-3\">MasterII<\/td><td class=\"column-4\">Actuariat<\/td><td class=\"column-5\">2022\/2023<\/td><td class=\"column-6\">Metiri Farouk<\/td>\n<\/tr>\n<tr class=\"row-13\">\n\t<td class=\"column-1\"><a href=\"http:\/\/biblio.univ-annaba.dz\/sciences\/wp-content\/uploads\/2023\/11\/Ahmed_Bessikri_.pdf\" rel=\"noopener\" target=\"_blank\">\u00c9tude des cycles limites des syst\u00e8mes diff\u00e9rentiels par la m\u00e9thode de moyennisation et le facteur int\u00e9grant inverse<\/a><\/td><td class=\"column-2\"> Bessikri Ahmed<\/td><td class=\"column-3\">MasterII<\/td><td class=\"column-4\">Syst\u00e8mes dynamiques<\/td><td class=\"column-5\">2022\/2023<\/td><td class=\"column-6\">Touati Fatima<\/td>\n<\/tr>\n<tr class=\"row-14\">\n\t<td class=\"column-1\"><a href=\"http:\/\/biblio.univ-annaba.dz\/sciences\/wp-content\/uploads\/2023\/11\/Bader-Lyna-Ikram.pdf\" rel=\"noopener\" target=\"_blank\">La statistique avec R<\/a><\/td><td class=\"column-2\">Bader Lyna Ikram.<\/td><td class=\"column-3\">MasterII<\/td><td class=\"column-4\">Probabilit\u00e9s-Statistiques<\/td><td class=\"column-5\">2022\/2023<\/td><td class=\"column-6\"> Chouia S<\/td>\n<\/tr>\n<tr class=\"row-15\">\n\t<td class=\"column-1\"><a href=\"http:\/\/biblio.univ-annaba.dz\/sciences\/wp-content\/uploads\/2023\/11\/Belazaizia-mohamed-fouad.pdf\" rel=\"noopener\" target=\"_blank\">Construction de la fonction de Liapunov pour des syst\u00e8mes dynamiques<\/a><\/td><td class=\"column-2\">Belazaizia Mohamed Fouad<\/td><td class=\"column-3\">MasterII<\/td><td class=\"column-4\">Syst\u00e8mes Dynamiques<\/td><td class=\"column-5\">2022\/2023<\/td><td class=\"column-6\">Djerrai Asma<\/td>\n<\/tr>\n<tr class=\"row-16\">\n\t<td class=\"column-1\"><a href=\"http:\/\/biblio.univ-annaba.dz\/sciences\/wp-content\/uploads\/2023\/11\/Ali-Rachedi-Manel.pdf\" rel=\"noopener\" target=\"_blank\">Etude de l'existence , de l'unicit\u00e9 et la stabilit\u00e9 au sens UIam des solution d'une classe d'\u00e9quation non lin\u00e9aires sur une \u00e9chelle de temps arbitraire et applications   <\/a><\/td><td class=\"column-2\">Ali Rachedi Manel<\/td><td class=\"column-3\">MasterII<\/td><td class=\"column-4\"> Syst\u00e8mes dynamiques<\/td><td class=\"column-5\">2022\/2023<\/td><td class=\"column-6\">Boukerrioua Khaled <\/td>\n<\/tr>\n<tr class=\"row-17\">\n\t<td class=\"column-1\"><a href=\"http:\/\/biblio.univ-annaba.dz\/sciences\/wp-content\/uploads\/2023\/11\/Djenane-Meriem-Helaili-Meriem.pdf\" rel=\"noopener\" target=\"_blank\">\u00c9valuation financi\u00e8re d\u2019un projet d\u2019investissement Cas: CARA<\/a><\/td><td class=\"column-2\">Djenane Meriem &amp; Helaili Meriem.<\/td><td class=\"column-3\">MasterII<\/td><td class=\"column-4\"> Actuariat<\/td><td class=\"column-5\">2022\/2023<\/td><td class=\"column-6\">Khodja Nawel<\/td>\n<\/tr>\n<tr class=\"row-18\">\n\t<td class=\"column-1\"><a href=\"http:\/\/biblio.univ-annaba.dz\/sciences\/wp-content\/uploads\/2023\/11\/Khaldi-Imene.pdf\" rel=\"noopener\" target=\"_blank\">Cycles limites de quelques syst\u00e8mes diff\u00e9rentiels polynomiaux via averaging theory<\/a><\/td><td class=\"column-2\">Khaldi Imene<\/td><td class=\"column-3\">MasterII<\/td><td class=\"column-4\">Syst\u00e8mes Dynamiques<br \/>\n<\/td><td class=\"column-5\">2022\/2023<\/td><td class=\"column-6\"> Makhlouf Amar <\/td>\n<\/tr>\n<tr class=\"row-19\">\n\t<td class=\"column-1\"><a href=\"http:\/\/biblio.univ-annaba.dz\/sciences\/wp-content\/uploads\/2023\/11\/Hajoub-Chaima-Zenakhra-Roumaisa.pdf\" rel=\"noopener\" target=\"_blank\">La nouvelle distribution power Xlindley (PXL) et inf\u00e9rence statistique avec application<\/a><\/td><td class=\"column-2\">Zenakhra Roumaissa &amp;<br \/>\nHadjoub Chaima<\/td><td class=\"column-3\">MasterII<\/td><td class=\"column-4\">Actuariat<\/td><td class=\"column-5\">2022\/2023<\/td><td class=\"column-6\">Bouhadjar Meriem<\/td>\n<\/tr>\n<tr class=\"row-20\">\n\t<td class=\"column-1\"><a href=\"http:\/\/biblio.univ-annaba.dz\/sciences\/wp-content\/uploads\/2023\/11\/Zouaimia-Ryme.pdf\" rel=\"noopener\" target=\"_blank\">UNIQUE COMMON FIXED POINTS FOR OCCASIONALLY WEAKLY BIASED MAPS OF TYPE (A)<\/a><\/td><td class=\"column-2\">Zouaimia Ryme<\/td><td class=\"column-3\">MasterII<\/td><td class=\"column-4\">Dynamical Systems<\/td><td class=\"column-5\">2022\/2023<\/td><td class=\"column-6\"> Bouhadjera Hakima <\/td>\n<\/tr>\n<\/tbody>\n<\/table>\n<!-- #tablepress-4 from cache -->\n<div class=\"pvc_clear\"><\/div>\n<p id=\"pvc_stats_159\" class=\"pvc_stats all  \" data-element-id=\"159\" style=\"\"><i class=\"pvc-stats-icon medium\" aria-hidden=\"true\"><svg aria-hidden=\"true\" focusable=\"false\" data-prefix=\"far\" data-icon=\"chart-bar\" role=\"img\" xmlns=\"http:\/\/www.w3.org\/2000\/svg\" viewBox=\"0 0 512 512\" class=\"svg-inline--fa fa-chart-bar fa-w-16 fa-2x\"><path fill=\"currentColor\" d=\"M396.8 352h22.4c6.4 0 12.8-6.4 12.8-12.8V108.8c0-6.4-6.4-12.8-12.8-12.8h-22.4c-6.4 0-12.8 6.4-12.8 12.8v230.4c0 6.4 6.4 12.8 12.8 12.8zm-192 0h22.4c6.4 0 12.8-6.4 12.8-12.8V140.8c0-6.4-6.4-12.8-12.8-12.8h-22.4c-6.4 0-12.8 6.4-12.8 12.8v198.4c0 6.4 6.4 12.8 12.8 12.8zm96 0h22.4c6.4 0 12.8-6.4 12.8-12.8V204.8c0-6.4-6.4-12.8-12.8-12.8h-22.4c-6.4 0-12.8 6.4-12.8 12.8v134.4c0 6.4 6.4 12.8 12.8 12.8zM496 400H48V80c0-8.84-7.16-16-16-16H16C7.16 64 0 71.16 0 80v336c0 17.67 14.33 32 32 32h464c8.84 0 16-7.16 16-16v-16c0-8.84-7.16-16-16-16zm-387.2-48h22.4c6.4 0 12.8-6.4 12.8-12.8v-70.4c0-6.4-6.4-12.8-12.8-12.8h-22.4c-6.4 0-12.8 6.4-12.8 12.8v70.4c0 6.4 6.4 12.8 12.8 12.8z\" class=\"\"><\/path><\/svg><\/i> <img loading=\"lazy\" decoding=\"async\" width=\"16\" height=\"16\" alt=\"Loading\" src=\"https:\/\/biblio.univ-annaba.dz\/sciences\/wp-content\/plugins\/page-views-count\/ajax-loader-2x.gif\" border=0 \/><\/p>\n<div class=\"pvc_clear\"><\/div>\n","protected":false},"excerpt":{"rendered":"<div class=\"pvc_clear\"><\/div>\n<p id=\"pvc_stats_159\" class=\"pvc_stats all  \" data-element-id=\"159\" style=\"\"><i class=\"pvc-stats-icon medium\" aria-hidden=\"true\"><svg aria-hidden=\"true\" focusable=\"false\" data-prefix=\"far\" data-icon=\"chart-bar\" role=\"img\" xmlns=\"http:\/\/www.w3.org\/2000\/svg\" viewBox=\"0 0 512 512\" class=\"svg-inline--fa fa-chart-bar fa-w-16 fa-2x\"><path fill=\"currentColor\" d=\"M396.8 352h22.4c6.4 0 12.8-6.4 12.8-12.8V108.8c0-6.4-6.4-12.8-12.8-12.8h-22.4c-6.4 0-12.8 6.4-12.8 12.8v230.4c0 6.4 6.4 12.8 12.8 12.8zm-192 0h22.4c6.4 0 12.8-6.4 12.8-12.8V140.8c0-6.4-6.4-12.8-12.8-12.8h-22.4c-6.4 0-12.8 6.4-12.8 12.8v198.4c0 6.4 6.4 12.8 12.8 12.8zm96 0h22.4c6.4 0 12.8-6.4 12.8-12.8V204.8c0-6.4-6.4-12.8-12.8-12.8h-22.4c-6.4 0-12.8 6.4-12.8 12.8v134.4c0 6.4 6.4 12.8 12.8 12.8zM496 400H48V80c0-8.84-7.16-16-16-16H16C7.16 64 0 71.16 0 80v336c0 17.67 14.33 32 32 32h464c8.84 0 16-7.16 16-16v-16c0-8.84-7.16-16-16-16zm-387.2-48h22.4c6.4 0 12.8-6.4 12.8-12.8v-70.4c0-6.4-6.4-12.8-12.8-12.8h-22.4c-6.4 0-12.8 6.4-12.8 12.8v70.4c0 6.4 6.4 12.8 12.8 12.8z\" class=\"\"><\/path><\/svg><\/i> <img loading=\"lazy\" decoding=\"async\" width=\"16\" height=\"16\" alt=\"Loading\" src=\"https:\/\/biblio.univ-annaba.dz\/sciences\/wp-content\/plugins\/page-views-count\/ajax-loader-2x.gif\" border=0 \/><\/p>\n<div class=\"pvc_clear\"><\/div>\n","protected":false},"author":3,"featured_media":0,"parent":0,"menu_order":0,"comment_status":"closed","ping_status":"closed","template":"","meta":{"footnotes":""},"class_list":["post-159","page","type-page","status-publish","hentry"],"a3_pvc":{"activated":true,"total_views":310,"today_views":1},"_links":{"self":[{"href":"https:\/\/biblio.univ-annaba.dz\/sciences\/wp-json\/wp\/v2\/pages\/159","targetHints":{"allow":["GET"]}}],"collection":[{"href":"https:\/\/biblio.univ-annaba.dz\/sciences\/wp-json\/wp\/v2\/pages"}],"about":[{"href":"https:\/\/biblio.univ-annaba.dz\/sciences\/wp-json\/wp\/v2\/types\/page"}],"author":[{"embeddable":true,"href":"https:\/\/biblio.univ-annaba.dz\/sciences\/wp-json\/wp\/v2\/users\/3"}],"replies":[{"embeddable":true,"href":"https:\/\/biblio.univ-annaba.dz\/sciences\/wp-json\/wp\/v2\/comments?post=159"}],"version-history":[{"count":2,"href":"https:\/\/biblio.univ-annaba.dz\/sciences\/wp-json\/wp\/v2\/pages\/159\/revisions"}],"predecessor-version":[{"id":169,"href":"https:\/\/biblio.univ-annaba.dz\/sciences\/wp-json\/wp\/v2\/pages\/159\/revisions\/169"}],"wp:attachment":[{"href":"https:\/\/biblio.univ-annaba.dz\/sciences\/wp-json\/wp\/v2\/media?parent=159"}],"curies":[{"name":"wp","href":"https:\/\/api.w.org\/{rel}","templated":true}]}}