{"id":153,"date":"2023-10-05T14:27:19","date_gmt":"2023-10-05T12:27:19","guid":{"rendered":"http:\/\/biblio.univ-annaba.dz\/sciences\/?page_id=153"},"modified":"2023-10-30T11:51:31","modified_gmt":"2023-10-30T10:51:31","slug":"departement-de-chimie","status":"publish","type":"page","link":"https:\/\/biblio.univ-annaba.dz\/sciences\/departement-de-chimie\/","title":{"rendered":"D\u00e9partement de Chimie"},"content":{"rendered":"\n<table id=\"tablepress-3\" class=\"tablepress tablepress-id-3\">\n<thead>\n<tr class=\"row-1\">\n\t<th class=\"column-1\">M\u00e9moire<\/th><th class=\"column-2\">Auteur<\/th><th class=\"column-3\">Grade<\/th><th class=\"column-4\">Sp\u00e9cialit\u00e9<\/th><th class=\"column-5\">Ann\u00e9e de soutenance<\/th><th class=\"column-6\">Encadreur <\/th>\n<\/tr>\n<\/thead>\n<tbody class=\"row-striping row-hover\">\n<tr class=\"row-2\">\n\t<td class=\"column-1\"><a href=\"http:\/\/biblio.univ-annaba.dz\/sciences\/wp-content\/uploads\/2023\/11\/Rouabhia-Mohamed-Chaab-Mourad.pdf\" rel=\"noopener\" target=\"_blank\">Pr\u00e9diction d\u2019une propri\u00e9t\u00e9 \u00e9lectrochimique des compos\u00e9s Organique par l\u2019approche QSPR<\/a><\/td><td class=\"column-2\">Rouabhia Mohamed <\/td><td class=\"column-3\">MasterII<\/td><td class=\"column-4\">Electrochimie<\/td><td class=\"column-5\">2022\/2023<\/td><td class=\"column-6\">Ziani Nadia<\/td>\n<\/tr>\n<tr class=\"row-3\">\n\t<td class=\"column-1\"><a href=\"http:\/\/biblio.univ-annaba.dz\/sciences\/wp-content\/uploads\/2023\/11\/Adjerci-Adel.pdf\" rel=\"noopener\" target=\"_blank\">Docking mol\u00e9culaire et criblage ADME\/Toxicit\u00e9 pour des inhibiteurs de l\u2019alpha-amylase et de l\u2019alpha-glucosidas<\/a><\/td><td class=\"column-2\">Adjerci Adel<\/td><td class=\"column-3\">MasterII<\/td><td class=\"column-4\">Chimie organique<\/td><td class=\"column-5\">2022\/2023<\/td><td class=\"column-6\"> Saouli Ibtissam <\/td>\n<\/tr>\n<tr class=\"row-4\">\n\t<td class=\"column-1\"><a href=\"http:\/\/biblio.univ-annaba.dz\/sciences\/wp-content\/uploads\/2023\/11\/amrouni-khaola.pdf\" rel=\"noopener\" target=\"_blank\">\u00c9tude phytochimique et \u00e9valuation de l\u2019activit\u00e9 antioxydante d\u2019une plante saharienne : Ephedra alata-alen<\/a><\/td><td class=\"column-2\">Amrouni Khaoula<\/td><td class=\"column-3\">MasterII<\/td><td class=\"column-4\">Chimie Pharmaceutique<br \/>\n<\/td><td class=\"column-5\">2022\/2023<\/td><td class=\"column-6\">Boutemedjet Siham<\/td>\n<\/tr>\n<tr class=\"row-5\">\n\t<td class=\"column-1\"><a href=\"http:\/\/biblio.univ-annaba.dz\/sciences\/wp-content\/uploads\/2023\/10\/memoire-amir.pdf\" rel=\"noopener\" target=\"_blank\">OPTIMISATION DES PARAMETRES ELECTROCHIMIQUE D\u2019UNE  ELECTRODE EN OR PAR LA TECHNIQUE DE LA SPECTROSCOPIE  D\u2019IMPEDANCE ELECTROCHIMIQUE<\/a><\/td><td class=\"column-2\">Ghezali Amir<\/td><td class=\"column-3\">MasterII<\/td><td class=\"column-4\">Electrochimie &amp; Ccorrision<\/td><td class=\"column-5\">2022\/2023<\/td><td class=\"column-6\">Hamel Abdelah  <\/td>\n<\/tr>\n<tr class=\"row-6\">\n\t<td class=\"column-1\"><a href=\"http:\/\/biblio.univ-annaba.dz\/sciences\/wp-content\/uploads\/2023\/11\/Memoire-version-final-HAMI-et-LADIACIA-M2-Pharmaceutique.pdf\" rel=\"noopener\" target=\"_blank\">Synth\u00e8se et \u00e9tude th\u00e9orique de la r\u00e9activit\u00e9 chimique de nouvelle famille de benzoxazolinone \u00e0 motif phosphor\u00e9 <\/a><\/td><td class=\"column-2\"> Hami Lilya &amp; Ladaicia Bouchra <\/td><td class=\"column-3\">MasterII<\/td><td class=\"column-4\">Chimie Pharmaceutique<\/td><td class=\"column-5\">2022\/2023<\/td><td class=\"column-6\"> Houria Bentoumi<\/td>\n<\/tr>\n<tr class=\"row-7\">\n\t<td class=\"column-1\"><a href=\"http:\/\/biblio.univ-annaba.dz\/sciences\/wp-content\/uploads\/2023\/11\/kaddour-hana.pdf\" rel=\"noopener\" target=\"_blank\">Synth\u00e8se de nouveaux d\u00e9riv\u00e9s de ph\u00e9nyle d'ur\u00e9e cyclo sulfamides substitu\u00e9s <\/a><\/td><td class=\"column-2\">Kaddour Hana <\/td><td class=\"column-3\">MasterII<\/td><td class=\"column-4\"> Chimie Organique <\/td><td class=\"column-5\">2022\/2023<\/td><td class=\"column-6\">Hessainia Sihem <\/td>\n<\/tr>\n<tr class=\"row-8\">\n\t<td class=\"column-1\"><a href=\"http:\/\/biblio.univ-annaba.dz\/sciences\/wp-content\/uploads\/2023\/11\/Maameri-Kheir-eddine-Zeghoum-Boudjemaa.pdf\" rel=\"noopener\" target=\"_blank\">Protection d\u2019un acier au carbone contre la corrosion acide par un inhibiteur vert<\/a><\/td><td class=\"column-2\">Maameri Kheir-eddine &amp; Zeghoum Boudjemaa<\/td><td class=\"column-3\">MasterII<\/td><td class=\"column-4\"> Electrochimie et Corrosion<\/td><td class=\"column-5\">2022\/2023<\/td><td class=\"column-6\">Boukhouiete Amel <\/td>\n<\/tr>\n<tr class=\"row-9\">\n\t<td class=\"column-1\"><a href=\"http:\/\/biblio.univ-annaba.dz\/sciences\/wp-content\/uploads\/2023\/11\/Amira-Mazouzi.pdf\" rel=\"noopener\" target=\"_blank\">Etude de la microstructure des poudres (Co 2 Mn) 40 Ni 60 utilis\u00e9es comme agent oxydant pour le bleu de m\u00e9thyl\u00e8ne assist\u00e9e par ultrason<\/a><\/td><td class=\"column-2\"> Mazouzi Amira<\/td><td class=\"column-3\">MasterII<\/td><td class=\"column-4\"> Electrochimie et Corrosion.<\/td><td class=\"column-5\">2022\/2023<\/td><td class=\"column-6\">Dadda Noureddine<\/td>\n<\/tr>\n<tr class=\"row-10\">\n\t<td class=\"column-1\"><a href=\"http:\/\/biblio.univ-annaba.dz\/sciences\/wp-content\/uploads\/2023\/11\/Memoire-merakha-hadef.pdf\" rel=\"noopener\" target=\"_blank\">Synth\u00e8se, caract\u00e9risation et \u00e9tude in silico de nouveaux d\u00e9riv\u00e9s de sulfanilamide <\/a><\/td><td class=\"column-2\">   Merakha Zineb &amp; Hadef Rayene<\/td><td class=\"column-3\">MasterII<\/td><td class=\"column-4\"> Chimie pharmaceutique <br \/>\n<\/td><td class=\"column-5\">2022\/2023<\/td><td class=\"column-6\"> A. Bouzina<\/td>\n<\/tr>\n<tr class=\"row-11\">\n\t<td class=\"column-1\"><a href=\"http:\/\/biblio.univ-annaba.dz\/sciences\/wp-content\/uploads\/2023\/11\/Snani-Wafa.pdf\" rel=\"noopener\" target=\"_blank\">Synth\u00e8se de nouveaux benz\u00e8nes sulfonamides contenant le motif imide cyclique<\/a><\/td><td class=\"column-2\">Snani Wafa<\/td><td class=\"column-3\">MasterII<\/td><td class=\"column-4\">Chimie -organique<\/td><td class=\"column-5\">2022\/2023<\/td><td class=\"column-6\">Bougheloum Chafika <\/td>\n<\/tr>\n<tr class=\"row-12\">\n\t<td class=\"column-1\"><a href=\"http:\/\/biblio.univ-annaba.dz\/sciences\/wp-content\/uploads\/2023\/11\/souaidi-khadidja-djebbouri-Houda.pdf\" rel=\"noopener\" target=\"_blank\">CARACTERISATION D\u2019UN CO-PRODUIT INDUSTRIEL<\/a><\/td><td class=\"column-2\">Souaidi Khadidja &amp; Djebbouri Houda<\/td><td class=\"column-3\">MasterII<\/td><td class=\"column-4\"> Electrochimie et corrosion<\/td><td class=\"column-5\">2022\/2023<\/td><td class=\"column-6\"> Hamrouni Achraf<\/td>\n<\/tr>\n<tr class=\"row-13\">\n\t<td class=\"column-1\"><a href=\"http:\/\/biblio.univ-annaba.dz\/sciences\/wp-content\/uploads\/2023\/11\/Lasmari-Abdelouaheb.pdf\" rel=\"noopener\" target=\"_blank\">ELECTROREDUCTION D\u2019IONS DE NITRATE EN MILIEU ALCALIN SUR UN ELECTRODE DE CUIVRE<\/a><\/td><td class=\"column-2\"> Lasmari Abdelouaheb<\/td><td class=\"column-3\">MasterII<\/td><td class=\"column-4\">Electrochimie - Corrosion<\/td><td class=\"column-5\">2022\/2023<\/td><td class=\"column-6\">Rehamnia Rabeh<\/td>\n<\/tr>\n<tr class=\"row-14\">\n\t<td class=\"column-1\"><a href=\"http:\/\/biblio.univ-annaba.dz\/sciences\/wp-content\/uploads\/2023\/11\/Bendjemil-Rania-Rehahlia-Oussama.pdf\" rel=\"noopener\" target=\"_blank\">Etude de l\u2019adsorption des anhydrides sur le kaolin : Application dans une r\u00e9action d\u2019acylation<\/a><\/td><td class=\"column-2\">Bendjemil Rania &amp; Rehahlia Oussama<\/td><td class=\"column-3\">MasterII<\/td><td class=\"column-4\"> Chimie \u2013Physique<\/td><td class=\"column-5\">2022\/2023<\/td><td class=\"column-6\">Bougheloum Chafika<\/td>\n<\/tr>\n<tr class=\"row-15\">\n\t<td class=\"column-1\"><a href=\"http:\/\/biblio.univ-annaba.dz\/sciences\/wp-content\/uploads\/2023\/11\/Asli-Samiha-Sebai-Manel.pdf\" rel=\"noopener\" target=\"_blank\">Planification exp\u00e9rimentale pour l\u2019extraction de m\u00e9lange de colorants par les membranes liquides \u00e9mulsionn\u00e9es<\/a><\/td><td class=\"column-2\"> Asli Samiha<br \/>\n Sebai Manel <\/td><td class=\"column-3\">MasterII<\/td><td class=\"column-4\"> Chimie Physique<br \/>\n<\/td><td class=\"column-5\">2022\/2023<\/td><td class=\"column-6\">Bendebane Farida<\/td>\n<\/tr>\n<tr class=\"row-16\">\n\t<td class=\"column-1\"><a href=\"http:\/\/biblio.univ-annaba.dz\/sciences\/wp-content\/uploads\/2023\/11\/Bendaif-jalel-Ghasa-Safa.pdf\" rel=\"noopener\" target=\"_blank\">Etude des propri\u00e9t\u00e9s inhibitrices d\u2019un tensioactif sur la corrosion de l\u2019acier X60 dans H2SO4 \u00e0 0.5M par des m\u00e9thodes \u00e9lectrochimiques et th\u00e9oriques. <\/a><\/td><td class=\"column-2\">Bendaif Djalel &amp; Gharsa SAFA.<\/td><td class=\"column-3\">MasterII<\/td><td class=\"column-4\">Chimie physique<\/td><td class=\"column-5\">2022\/2023<\/td><td class=\"column-6\"> K.Aberdrrahim<\/td>\n<\/tr>\n<tr class=\"row-17\">\n\t<td class=\"column-1\"><a href=\"http:\/\/biblio.univ-annaba.dz\/sciences\/wp-content\/uploads\/2023\/11\/Merroudji-Naima.pdf\" rel=\"noopener\" target=\"_blank\">Synth\u00e8se, \u00e9tude structurale et activit\u00e9 antimicrobienne de nouveaux d\u00e9riv\u00e9s de sulfonamide<\/a><\/td><td class=\"column-2\"> Merroudji Naima<\/td><td class=\"column-3\">MasterII<\/td><td class=\"column-4\">Chimie pharmaceutique<\/td><td class=\"column-5\">2022\/2023<\/td><td class=\"column-6\">Berredjem Malika<\/td>\n<\/tr>\n<tr class=\"row-18\">\n\t<td class=\"column-1\"><a href=\"http:\/\/biblio.univ-annaba.dz\/sciences\/wp-content\/uploads\/2023\/11\/tebani-imene.pdf\" rel=\"noopener\" target=\"_blank\">Contribution \u00e0 la valorisation de l'huile essentielle d'une plante m\u00e9dicinale<\/a><\/td><td class=\"column-2\">Tebani Imene<\/td><td class=\"column-3\">MasterII<\/td><td class=\"column-4\">Chimie Organique <\/td><td class=\"column-5\">2022\/2023<\/td><td class=\"column-6\">Chohra  Djawhara <\/td>\n<\/tr>\n<\/tbody>\n<\/table>\n<!-- #tablepress-3 from cache -->\n<div class=\"pvc_clear\"><\/div>\n<p id=\"pvc_stats_153\" class=\"pvc_stats all  \" data-element-id=\"153\" style=\"\"><i class=\"pvc-stats-icon medium\" aria-hidden=\"true\"><svg aria-hidden=\"true\" focusable=\"false\" data-prefix=\"far\" data-icon=\"chart-bar\" role=\"img\" xmlns=\"http:\/\/www.w3.org\/2000\/svg\" viewBox=\"0 0 512 512\" class=\"svg-inline--fa fa-chart-bar fa-w-16 fa-2x\"><path fill=\"currentColor\" d=\"M396.8 352h22.4c6.4 0 12.8-6.4 12.8-12.8V108.8c0-6.4-6.4-12.8-12.8-12.8h-22.4c-6.4 0-12.8 6.4-12.8 12.8v230.4c0 6.4 6.4 12.8 12.8 12.8zm-192 0h22.4c6.4 0 12.8-6.4 12.8-12.8V140.8c0-6.4-6.4-12.8-12.8-12.8h-22.4c-6.4 0-12.8 6.4-12.8 12.8v198.4c0 6.4 6.4 12.8 12.8 12.8zm96 0h22.4c6.4 0 12.8-6.4 12.8-12.8V204.8c0-6.4-6.4-12.8-12.8-12.8h-22.4c-6.4 0-12.8 6.4-12.8 12.8v134.4c0 6.4 6.4 12.8 12.8 12.8zM496 400H48V80c0-8.84-7.16-16-16-16H16C7.16 64 0 71.16 0 80v336c0 17.67 14.33 32 32 32h464c8.84 0 16-7.16 16-16v-16c0-8.84-7.16-16-16-16zm-387.2-48h22.4c6.4 0 12.8-6.4 12.8-12.8v-70.4c0-6.4-6.4-12.8-12.8-12.8h-22.4c-6.4 0-12.8 6.4-12.8 12.8v70.4c0 6.4 6.4 12.8 12.8 12.8z\" class=\"\"><\/path><\/svg><\/i> <img loading=\"lazy\" decoding=\"async\" width=\"16\" height=\"16\" alt=\"Loading\" src=\"https:\/\/biblio.univ-annaba.dz\/sciences\/wp-content\/plugins\/page-views-count\/ajax-loader-2x.gif\" border=0 \/><\/p>\n<div class=\"pvc_clear\"><\/div>\n","protected":false},"excerpt":{"rendered":"<div class=\"pvc_clear\"><\/div>\n<p id=\"pvc_stats_153\" class=\"pvc_stats all  \" data-element-id=\"153\" style=\"\"><i class=\"pvc-stats-icon medium\" aria-hidden=\"true\"><svg aria-hidden=\"true\" focusable=\"false\" data-prefix=\"far\" data-icon=\"chart-bar\" role=\"img\" xmlns=\"http:\/\/www.w3.org\/2000\/svg\" viewBox=\"0 0 512 512\" class=\"svg-inline--fa fa-chart-bar fa-w-16 fa-2x\"><path fill=\"currentColor\" d=\"M396.8 352h22.4c6.4 0 12.8-6.4 12.8-12.8V108.8c0-6.4-6.4-12.8-12.8-12.8h-22.4c-6.4 0-12.8 6.4-12.8 12.8v230.4c0 6.4 6.4 12.8 12.8 12.8zm-192 0h22.4c6.4 0 12.8-6.4 12.8-12.8V140.8c0-6.4-6.4-12.8-12.8-12.8h-22.4c-6.4 0-12.8 6.4-12.8 12.8v198.4c0 6.4 6.4 12.8 12.8 12.8zm96 0h22.4c6.4 0 12.8-6.4 12.8-12.8V204.8c0-6.4-6.4-12.8-12.8-12.8h-22.4c-6.4 0-12.8 6.4-12.8 12.8v134.4c0 6.4 6.4 12.8 12.8 12.8zM496 400H48V80c0-8.84-7.16-16-16-16H16C7.16 64 0 71.16 0 80v336c0 17.67 14.33 32 32 32h464c8.84 0 16-7.16 16-16v-16c0-8.84-7.16-16-16-16zm-387.2-48h22.4c6.4 0 12.8-6.4 12.8-12.8v-70.4c0-6.4-6.4-12.8-12.8-12.8h-22.4c-6.4 0-12.8 6.4-12.8 12.8v70.4c0 6.4 6.4 12.8 12.8 12.8z\" class=\"\"><\/path><\/svg><\/i> <img loading=\"lazy\" decoding=\"async\" width=\"16\" height=\"16\" alt=\"Loading\" src=\"https:\/\/biblio.univ-annaba.dz\/sciences\/wp-content\/plugins\/page-views-count\/ajax-loader-2x.gif\" border=0 \/><\/p>\n<div class=\"pvc_clear\"><\/div>\n","protected":false},"author":3,"featured_media":0,"parent":0,"menu_order":0,"comment_status":"closed","ping_status":"closed","template":"","meta":{"footnotes":""},"class_list":["post-153","page","type-page","status-publish","hentry"],"a3_pvc":{"activated":true,"total_views":361,"today_views":0},"_links":{"self":[{"href":"https:\/\/biblio.univ-annaba.dz\/sciences\/wp-json\/wp\/v2\/pages\/153","targetHints":{"allow":["GET"]}}],"collection":[{"href":"https:\/\/biblio.univ-annaba.dz\/sciences\/wp-json\/wp\/v2\/pages"}],"about":[{"href":"https:\/\/biblio.univ-annaba.dz\/sciences\/wp-json\/wp\/v2\/types\/page"}],"author":[{"embeddable":true,"href":"https:\/\/biblio.univ-annaba.dz\/sciences\/wp-json\/wp\/v2\/users\/3"}],"replies":[{"embeddable":true,"href":"https:\/\/biblio.univ-annaba.dz\/sciences\/wp-json\/wp\/v2\/comments?post=153"}],"version-history":[{"count":3,"href":"https:\/\/biblio.univ-annaba.dz\/sciences\/wp-json\/wp\/v2\/pages\/153\/revisions"}],"predecessor-version":[{"id":260,"href":"https:\/\/biblio.univ-annaba.dz\/sciences\/wp-json\/wp\/v2\/pages\/153\/revisions\/260"}],"wp:attachment":[{"href":"https:\/\/biblio.univ-annaba.dz\/sciences\/wp-json\/wp\/v2\/media?parent=153"}],"curies":[{"name":"wp","href":"https:\/\/api.w.org\/{rel}","templated":true}]}}